{"id":1991,"date":"2023-11-16T15:41:00","date_gmt":"2023-11-16T15:41:00","guid":{"rendered":"https:\/\/prospect1stg.wpengine.com\/informativa-sui-cookie\/"},"modified":"2024-09-09T18:12:31","modified_gmt":"2024-09-09T18:12:31","slug":"informativa-sui-cookie","status":"publish","type":"page","link":"https:\/\/prospect1migrainestudy.com\/it\/informativa-sui-cookie\/","title":{"rendered":"Informativa sui cookie"},"content":{"rendered":"<p>[et_pb_section fb_built=&#8221;1&#8243; _builder_version=&#8221;4.19.5&#8243; _module_preset=&#8221;default&#8221; background_color=&#8221;#142D3A&#8221; background_image=&#8221;https:\/\/moretrialinfo.com\/wp-content\/uploads\/2022\/06\/Brain_Texture.png&#8221; custom_padding=&#8221;40px||30px||false|false&#8221; global_colors_info=&#8221;{}&#8221;][et_pb_row _builder_version=&#8221;4.17.4&#8243; _module_preset=&#8221;default&#8221; custom_padding=&#8221;0px||0px||true|false&#8221; global_colors_info=&#8221;{}&#8221;][et_pb_column type=&#8221;4_4&#8243; _builder_version=&#8221;4.17.4&#8243; _module_preset=&#8221;default&#8221; global_colors_info=&#8221;{}&#8221;][et_pb_text _builder_version=&#8221;4.19.0&#8243; _module_preset=&#8221;default&#8221; text_text_color=&#8221;#FFFFFF&#8221; header_font_size=&#8221;46px&#8221; header_line_height=&#8221;1.25em&#8221; header_2_font_size=&#8221;34px&#8221; text_orientation=&#8221;center&#8221; background_layout=&#8221;dark&#8221; header_font_size_tablet=&#8221;38px&#8221; header_font_size_phone=&#8221;34px&#8221; header_font_size_last_edited=&#8221;on|desktop&#8221; header_2_font_size_tablet=&#8221;30px&#8221; header_2_font_size_phone=&#8221;28px&#8221; header_2_font_size_last_edited=&#8221;on|phone&#8221; locked=&#8221;off&#8221; global_colors_info=&#8221;{}&#8221;]<\/p>\n<h1>INFORMATIVA SUI COOKIE<\/h1>\n<p>[\/et_pb_text][\/et_pb_column][\/et_pb_row][\/et_pb_section][et_pb_section fb_built=&#8221;1&#8243; _builder_version=&#8221;4.17.4&#8243; _module_preset=&#8221;default&#8221; custom_padding=&#8221;40px||40px||true|false&#8221; global_colors_info=&#8221;{}&#8221;][et_pb_row _builder_version=&#8221;4.17.4&#8243; _module_preset=&#8221;default&#8221; custom_padding=&#8221;2vw||2vw||true|false&#8221; global_colors_info=&#8221;{}&#8221;][et_pb_column type=&#8221;4_4&#8243; _builder_version=&#8221;4.17.4&#8243; _module_preset=&#8221;default&#8221; global_colors_info=&#8221;{}&#8221;][et_pb_text _builder_version=&#8221;4.20.1&#8243; _module_preset=&#8221;default&#8221; global_colors_info=&#8221;{}&#8221;]<\/p>\n<p>Ultimo aggiornamento: 25\/10\/2022<\/p>\n<p><strong>Elligo Health Research, Inc.<\/strong> (\u201c<strong>Elligo<\/strong>\u201d \u201c<strong>noi<\/strong>\u201d o \u201c<strong>ci<\/strong>\u201d) sta assistendo l\u2019Organizzazione di ricerca clinica (Clinical Research Organization, CRO) PPD nel fornire determinati servizi, che potrebbero includere la pubblicit\u00e0 dello studio, il reclutamento per lo studio, il supporto del centro dello studio e l\u2019hosting del sito web dello studio <strong>PROSPECT-1<\/strong> (i \u201c<strong>Servizi<\/strong>\u201d) per conto dello Sponsor dello studio PROSPECT-1, <strong>H. Lundbeck A\/S<\/strong> (\u201cLundbeck\u201d). <strong>Lundbeck<\/strong> \u00e8 il titolare del trattamento dei dati personali che vengono trattati ai fini dello Studio <strong>PROSPECT-1<\/strong>.<\/p>\n<p>La presente Informativa descrive come e perch\u00e9 Elligo utilizza i cookie su questo sito Web https:\/\/Prospect1migrainestudy.com per conto del Titolare del trattamento dei dati, <strong>Lundbeck<\/strong>.<\/p>\n<p>[\/et_pb_text][et_pb_text _builder_version=&#8221;4.19.5&#8243; _module_preset=&#8221;default&#8221; global_colors_info=&#8221;{}&#8221;]<\/p>\n<h2>Cosa sono i cookie<\/h2>\n<p>Un cookie \u00e8 una piccola porzione di dati (file di testo) che un sito Web o un\u2019app, durante la visita di un utente, richiede al browser di memorizzare sul dispositivo dell\u2019utente per ricordare le informazioni che lo riguardano, ad esempio se ha acconsentito o meno al nostro utilizzo dei cookie. Questi cookie sono impostati da noi e sono chiamati cookie di prima parte.<\/p>\n<p>Utilizziamo anche cookie di terze parti, ovvero cookie provenienti da un dominio diverso da quello del sito Web che Lei sta visitando, o da un dominio che non stiamo utilizzando, ad esempio per finalit\u00e0 di marketing e pubblicit\u00e0.<\/p>\n<p>[\/et_pb_text][et_pb_text _builder_version=&#8221;4.19.5&#8243; _module_preset=&#8221;default&#8221; global_colors_info=&#8221;{}&#8221;]<\/p>\n<h2>Come utilizziamo i cookie<\/h2>\n<p>Questo sito Web utilizza due tipi di cookie: cookie persistenti e cookie di sessione. I cookie <strong>persistenti<\/strong> sono cookie che rimangono sul Suo dispositivo per un certo periodo di tempo (come indicato nella tabella sottostante) o fino a quando non li cancella manualmente o vi si opponga. I cookie <strong>di sessione<\/strong> sono cookie che scadono alla fine della sessione del browser (ad es. quando esce dal nostro sito Web e chiude il browser).<\/p>\n<p>Utilizziamo cookie <strong>strettamente necessari<\/strong> per (i) riconoscerLa come utente di ritorno, (ii) assicurarLe e fornirLe il nostro sito Web (ad es. formattazione del sito Web e protezione del nostro sito Web da attacchi dannosi) e (iii) salvare alcune delle Sue preferenze (ad es. consenso ai cookie e impostazioni di lingua).<\/p>\n<p>Utilizziamo cookie <strong>non essenziali <\/strong>(non strettamente necessari) per (i) fornire pubblicit\u00e0 mirata sulla base del Suo comportamento di navigazione e (ii) osservare e analizzare i livelli di traffico e altre metriche sul nostro sito Web, che ci aiutano a migliorare il nostro sito Web e la Sua esperienza complessiva. Utilizziamo i cookie non essenziali solo se abbiamo ottenuto il Suo consenso (veda sotto).<\/p>\n<p>I cookie possono essere di <strong>prima parte<\/strong> o di <strong>terza parte<\/strong>, ovvero gestiti da noi (prima parte) o da un\u2019altra parte (terza parte). Le facciamo presente che le interazioni con i cookie di terza parte sul nostro sito Web sono disciplinate dalle politiche sulla privacy e sui cookie della terza parte, come indicato di seguito.<\/p>\n<p>Ulteriori informazioni sui tipi di cookie che utilizziamo sono riportate di seguito.[\/et_pb_text][et_pb_text _builder_version=&#8221;4.19.5&#8243; _module_preset=&#8221;default&#8221; global_colors_info=&#8221;{}&#8221;]<\/p>\n<h2>Gestione dei cookie<\/h2>\n<p>Alla prima visita al nostro sito Web, e successivamente ogni sei mesi, Lei vedr\u00e0 sulla homepage un banner dei cookie, che spiega il motivo per cui i cookie vengono utilizzati e chiede di acconsentire a ciascun cookie non essenziale, se Lei accetta il loro utilizzo da parte nostra scegliendo \u201cAccetta tutti\u201d. Se non acconsente, pu\u00f2 selezionare singolarmente quelli che rifiuta o che accetta, oppure scegliere \u201cRifiuta tutti\u201d.<\/p>\n<p>Pu\u00f2 modificare le Sue preferenze sui cookie attraverso il banner dei cookie, dove ha la possibilit\u00e0 di accettare o rifiutare l\u2019utilizzo dei cookie non essenziali sul Suo dispositivo. Tuttavia, potr\u00e0 anche aggiornare le preferenze dei cookie in qualsiasi momento, utilizzando il pulsante in basso:[\/et_pb_text][et_pb_code _builder_version=&#8221;4.27.0&#8243; _module_preset=&#8221;default&#8221; hover_enabled=&#8221;0&#8243; global_colors_info=&#8221;{}&#8221; sticky_enabled=&#8221;0&#8243;][wcc_preference_button][\/et_pb_code][et_pb_text _builder_version=&#8221;4.19.0&#8243; _module_preset=&#8221;default&#8221; global_colors_info=&#8221;{}&#8221;]<\/p>\n<p>Le facciamo notare che non \u00e8 possibile disabilitare i cookie strettamente necessari, poich\u00e9 questi hanno effetto sulla funzionalit\u00e0 del nostro sito Web e sulla Sua capacit\u00e0 di utilizzare determinate funzioni e funzionalit\u00e0. \u00a0<\/p>\n<p>[\/et_pb_text][et_pb_text _builder_version=&#8221;4.19.5&#8243; _module_preset=&#8221;default&#8221; custom_margin=&#8221;||8px||false|false&#8221; global_colors_info=&#8221;{}&#8221;]<\/p>\n<h2>Tipi di cookie utilizzati<\/h2>\n<p>[\/et_pb_text][et_pb_text _builder_version=&#8221;4.19.5&#8243; _module_preset=&#8221;default&#8221; header_2_text_color=&#8221;#691F45&#8243; custom_css_main_element=&#8221;overflow-x: scroll;&#8221; global_colors_info=&#8221;{}&#8221;]<\/p>\n<table border=\"1\" style=\"border-collapse: collapse; width: 100%;\">\n<tbody>\n<tr>\n<td style=\"width: 15.9585%;\"><strong>Operatore<\/strong><\/td>\n<td style=\"width: 1.21359%;\"><strong>Nome del cookie<\/strong><\/td>\n<td style=\"width: 17.5261%;\"><strong>Di sessione o persistenti <\/strong><\/td>\n<td style=\"width: 47.568%;\"><strong>Scopo<\/strong><\/td>\n<td style=\"width: 40.0688%;\"><strong>Durata<\/strong><\/td>\n<\/tr>\n<tr>\n<td style=\"text-align: center;\" colspan=\"5\">\n<h3 style=\"padding: 4px 0;\">Cookie strettamente necessari<\/h3>\n<\/td>\n<\/tr>\n<tr>\n<td style=\"width: 15.9585%;\"><em>Elligo<\/em><\/td>\n<td style=\"width: 1.21359%;\">PHPSESSID<\/td>\n<td style=\"width: 17.5261%;\">Sessione<\/td>\n<td style=\"width: 47.568%;\">Questo cookie \u00e8 nativo delle applicazioni PHP. Il cookie viene utilizzato per memorizzare e identificare l\u2019ID di sessione univoco di un utente allo scopo di gestire la sessione utente sul sito Web. Si tratta di un cookie di sessione che viene eliminato alla chiusura di tutte le finestre del browser.<\/td>\n<td style=\"width: 40.0688%;\">Sessione<\/td>\n<\/tr>\n<tr>\n<td style=\"width: 15.9585%;\"><em>Elligo<\/em><\/td>\n<td style=\"width: 1.21359%;\">viewed_cookie_policy<\/td>\n<td style=\"width: 17.5261%;\">Persistente<\/td>\n<td style=\"width: 47.568%;\">Il cookie \u00e8 impostato dal plug-in di Consenso ai cookie del Regolamento generale sulla protezione dei dati (General Data Protection Regulation, GDPR) e viene utilizzato per memorizzare se l\u2019utente ha acconsentito o meno all\u2019uso dei cookie. Non memorizza alcun dato personale.<\/td>\n<td style=\"width: 40.0688%;\">6 mesi<\/td>\n<\/tr>\n<tr>\n<td style=\"width: 15.9585%;\"><em>Elligo<\/em><\/td>\n<td style=\"width: 1.21359%;\">cookielawinfo-checkbox-necessary<\/td>\n<td style=\"width: 17.5261%;\">Persistente<\/td>\n<td style=\"width: 47.568%;\">Questo cookie \u00e8 impostato dal plug-in di Consenso ai cookie del GDPR. I cookie vengono utilizzati per memorizzare il consenso dell\u2019utente all\u2019uso dei cookie nella categoria \u201cNecessario\u201d.<\/td>\n<td style=\"width: 40.0688%;\">1 anno<\/td>\n<\/tr>\n<tr>\n<td style=\"width: 15.9585%;\"><em>Elligo<\/em><\/td>\n<td style=\"width: 1.21359%;\">cookielawinfo-checkbox-functional<\/td>\n<td style=\"width: 17.5261%;\">Persistente<\/td>\n<td style=\"width: 47.568%;\">Il cookie \u00e8 impostato dal plugin GDPR Cookie Consent per registrare il consenso dell\u2019utente ai cookie nella categoria \u201cFunzionale\u201d.<\/td>\n<td style=\"width: 40.0688%;\">1 anno<\/td>\n<\/tr>\n<tr>\n<td style=\"width: 15.9585%;\"><em>Elligo<\/em><\/td>\n<td style=\"width: 1.21359%;\">cookielawinfo-checkbox-performance<\/td>\n<td style=\"width: 17.5261%;\">Persistente<\/td>\n<td style=\"width: 47.568%;\">Questo cookie \u00e8 impostato dal plug-in di Consenso ai cookie del GDPR. Il cookie viene utilizzato per memorizzare il consenso dell\u2019utente all\u2019uso dei cookie nella categoria \u201cPrestazioni\u201d.<\/td>\n<td style=\"width: 40.0688%;\">1 anno<\/td>\n<\/tr>\n<tr>\n<td style=\"width: 15.9585%;\"><em>Elligo<\/em><\/td>\n<td style=\"width: 1.21359%;\">cookielawinfo-checkbox-analytics<\/td>\n<td style=\"width: 17.5261%;\">Persistente<\/td>\n<td style=\"width: 47.568%;\">Questo cookie \u00e8 impostato dal plug-in WordPress di Consenso ai cookie del GDPR. Il cookie viene utilizzato per ricordare il consenso dell\u2019utente all\u2019uso dei cookie nella categoria \u201cAnalisi\u201d.<\/td>\n<td style=\"width: 40.0688%;\">1 anno<\/td>\n<\/tr>\n<tr>\n<td style=\"width: 15.9585%;\"><em>Elligo<\/em><\/td>\n<td style=\"width: 1.21359%;\">cookielawinfo-checkbox-advertisement<\/td>\n<td style=\"width: 17.5261%;\">Persistente<\/td>\n<td style=\"width: 47.568%;\">Il cookie \u00e8 impostato dal consenso ai cookie del GDPR per registrare il consenso dell\u2019utente all\u2019uso dei cookie nella categoria \u201cPubblicit\u00e0\u201d.<\/td>\n<td style=\"width: 40.0688%;\">1 anno<\/td>\n<\/tr>\n<tr>\n<td style=\"width: 15.9585%;\"><em>Elligo<\/em><\/td>\n<td style=\"width: 1.21359%;\">cookielawinfo-checkbox-others<\/td>\n<td style=\"width: 17.5261%;\">Persistente<\/td>\n<td style=\"width: 47.568%;\">Questo cookie \u00e8 impostato dal plug-in di Consenso ai cookie del GDPR. Il cookie viene utilizzato per memorizzare il consenso dell\u2019utente all\u2019uso dei cookie nella categoria \u201cAltro\u201d.<\/td>\n<td style=\"width: 40.0688%;\">1 anno<\/td>\n<\/tr>\n<tr>\n<td style=\"width: 15.9585%;\"><em>Elligo<\/em><\/td>\n<td style=\"width: 1.21359%;\">selected_language_url<\/td>\n<td style=\"width: 17.5261%;\">Persistente<\/td>\n<td style=\"width: 47.568%;\">Questo cookie viene utilizzato per visualizzare la lingua scelta che un utente selezionata sul sito Web.<\/td>\n<td style=\"width: 40.0688%;\">6 mesi<\/td>\n<\/tr>\n<tr>\n<td style=\"width: 15.9585%;\"><em>WPML<\/em><\/td>\n<td style=\"width: 1.21359%;\">wp-wpml_current_language<\/td>\n<td style=\"width: 17.5261%;\">Persistente<\/td>\n<td style=\"width: 47.568%;\">Questo cookie \u00e8 impostato dal plug-in WPML per memorizzare la selezione della lingua dell\u2019utente attuale.<\/td>\n<td style=\"width: 40.0688%;\">24 ore<\/td>\n<\/tr>\n<tr>\n<td style=\"width: 15.9585%;\"><em> Matomo<\/em><\/td>\n<td style=\"width: 1.21359%;\">matomo_sessid<\/td>\n<td style=\"width: 17.5261%;\">Sessione<\/td>\n<td style=\"width: 47.568%;\">Questo cookie non contiene dati utilizzati per identificare i visitatori, ma \u00e8 considerato un cookie essenziale<\/td>\n<td style=\"width: 40.0688%;\">14 giorni<\/td>\n<\/tr>\n<tr>\n<td style=\"text-align: center;\" colspan=\"5\">\n<h3 style=\"padding: 4px 0;\">Cookie non strettamente necessari<\/h3>\n<\/td>\n<\/tr>\n<tr>\n<td style=\"width: 15.9585%;\"><em>AppFromLab<\/em><\/td>\n<td style=\"width: 1.21359%;\">afl_wc_utm_sess_referer<\/td>\n<td style=\"width: 17.5261%;\">Sessione<\/td>\n<td style=\"width: 47.568%;\">Impostato dal plug-in di tracciamento AFL UTM, questo cookie memorizza il primo referrer del sito Web dell\u2019utente.<\/td>\n<td style=\"width: 40.0688%;\">Sessione<\/td>\n<\/tr>\n<tr>\n<td style=\"width: 15.9585%;\"><em>AppFromLab<\/em><\/td>\n<td style=\"width: 1.21359%;\">afl_wc_utm_cookie_expiry<\/td>\n<td style=\"width: 17.5261%;\">Persistente<\/td>\n<td style=\"width: 47.568%;\">Impostato dal plug-in di tracciamento AFL UTM, questo cookie memorizza il numero di giorni in cui i cookie impostati da tale plug-in scadranno dopo l\u2019ultima visita dell\u2019utente.<\/td>\n<td style=\"width: 40.0688%;\">90 giorni<\/td>\n<\/tr>\n<tr>\n<td style=\"width: 15.9585%;\"><em>AppFromLab<\/em><\/td>\n<td style=\"width: 1.21359%;\">afl_wc_utm_sess_visit<\/td>\n<td style=\"width: 17.5261%;\">Sessione<\/td>\n<td style=\"width: 47.568%;\">Impostato dal plug-in di tracciamento AFL UTM, questo cookie memorizza l\u2019orario di visita della prima pagina di destinazione dell\u2019utente.<\/td>\n<td style=\"width: 40.0688%;\">Sessione<\/td>\n<\/tr>\n<tr>\n<td style=\"width: 15.9585%;\"><em>AppFromLab<\/em><\/td>\n<td style=\"width: 1.21359%;\">afl_wc_utm_sess_landing<\/td>\n<td style=\"width: 17.5261%;\">Sessione<\/td>\n<td style=\"width: 47.568%;\">Impostato dal plug-in di tracciamento AFL UTM, questo cookie memorizza l\u2019URL della prima pagina di destinazione dell\u2019utente.<\/td>\n<td style=\"width: 40.0688%;\">Sessione<\/td>\n<\/tr>\n<tr>\n<td style=\"width: 15.9585%;\"><em>AppFromLab<\/em><\/td>\n<td style=\"width: 1.21359%;\">afl_wc_utm_main<\/td>\n<td style=\"width: 17.5261%;\">Sessione<\/td>\n<td style=\"width: 47.568%;\">Impostato dal plug-in di tracciamento AFL UTM, questo cookie memorizza l\u2019orario dell\u2019ultima comunicazione aggiornata sul lato server.<\/td>\n<td style=\"width: 40.0688%;\">Sessione<\/td>\n<\/tr>\n<tr>\n<td style=\"width: 15.9585%;\"><em>Matomo<\/em><\/td>\n<td style=\"width: 1.21359%;\">_pk_id*<\/td>\n<td style=\"width: 17.5261%;\">Persistente<\/td>\n<td style=\"width: 47.568%;\">Utilizzato per memorizzare alcuni dettagli sull\u2019utente, come l\u2019ID del visitatore dell\u2019unit\u00e0<\/td>\n<td style=\"width: 40.0688%;\">13 mesi<\/td>\n<\/tr>\n<tr>\n<td style=\"width: 15.9585%;\"><em>Matomo<\/em><\/td>\n<td style=\"width: 1.21359%;\">_pk_rif*<\/td>\n<td style=\"width: 17.5261%;\">Persistente<\/td>\n<td style=\"width: 47.568%;\">Utilizzato per memorizzare le informazioni di attribuzione<\/td>\n<td style=\"width: 40.0688%;\">6 mesi<\/td>\n<\/tr>\n<tr>\n<td style=\"width: 15.9585%;\"><em>Matomo<\/em><\/td>\n<td style=\"width: 1.21359%;\">_pk_si*<\/td>\n<td style=\"width: 17.5261%;\">Sessione<\/td>\n<td style=\"width: 47.568%;\">Utilizzato per memorizzare un ID di sessione univoco<\/td>\n<td style=\"width: 40.0688%;\">30 minuti<\/td>\n<\/tr>\n<tr>\n<td style=\"width: 15.9585%;\"><em>Matomo<\/em><\/td>\n<td style=\"width: 1.21359%;\">_pk_cvar<\/td>\n<td style=\"width: 17.5261%;\">Sessione<\/td>\n<td style=\"width: 47.568%;\">Contiene le variabili personalizzate impostate durante la visualizzazione della pagina precedente.<\/td>\n<td style=\"width: 40.0688%;\">30 minuti<\/td>\n<\/tr>\n<tr>\n<td style=\"width: 15.9585%;\"><em>Matomo<\/em><\/td>\n<td style=\"width: 1.21359%;\">_pk_hsr<\/td>\n<td style=\"width: 17.5261%;\">Sessione<\/td>\n<td style=\"width: 47.568%;\">Cookie di breve durata per l\u2019heat mapping del sito Web<\/td>\n<td style=\"width: 40.0688%;\">30 minuti<\/td>\n<\/tr>\n<tr>\n<td style=\"width: 15.9585%;\"><em>Matomo<\/em><\/td>\n<td style=\"width: 1.21359%;\">_pk_testcookie<\/td>\n<td style=\"width: 17.5261%;\">Sessione<\/td>\n<td style=\"width: 47.568%;\">Utilizzato per verificare se il browser del visitatore supporta i cookie<\/td>\n<td style=\"width: 40.0688%;\">&lt;5 minuti<\/td>\n<\/tr>\n<tr>\n<td style=\"width: 15.9585%;\"><em>Matomo<\/em><\/td>\n<td style=\"width: 1.21359%;\">mtm_consent or mtm_consent_removed<\/td>\n<td style=\"width: 17.5261%;\">Persistente<\/td>\n<td style=\"width: 47.568%;\">Creato per ricordare che l\u2019utente ha dato (o ritirato) il consenso<\/td>\n<td style=\"width: 40.0688%;\">2 anni<\/td>\n<\/tr>\n<tr>\n<td style=\"width: 15.9585%;\"><em>\u00a0Matomo<\/em><\/td>\n<td style=\"width: 1.21359%;\">mtm_cookie_consent<\/td>\n<td style=\"width: 17.5261%;\">Persistente<\/td>\n<td style=\"width: 47.568%;\">Utilizzato per ricordare che l\u2019utente ha dato il consenso alla memorizzazione e all\u2019utilizzo dei cookie<\/td>\n<td style=\"width: 40.0688%;\">2 anni<\/td>\n<\/tr>\n<tr>\n<td style=\"width: 15.9585%;\"><em>\u00a0Matomo<\/em><\/td>\n<td style=\"width: 1.21359%;\">Matomo_ignore<\/td>\n<td style=\"width: 17.5261%;\">Persistente<\/td>\n<td style=\"width: 47.568%;\">Creato quando l\u2019utente ritira in consenso al tracciamento<\/td>\n<td style=\"width: 40.0688%;\">30 anni<\/td>\n<\/tr>\n<\/tbody>\n<\/table>\n<p>[\/et_pb_text][et_pb_text _builder_version=&#8221;4.21.0&#8243; _module_preset=&#8221;default&#8221; global_colors_info=&#8221;{}&#8221;]<\/p>\n<h2>Contatti<\/h2>\n<p>Per ulteriori informazioni sul nostro utilizzo dei cookie sul nostro sito Web, pu\u00f2 contattarci all\u2019indirizzo:<\/p>\n<p>Elligo Health Research, Inc.<br \/>\n108 Myrtle St. Suite 201<br \/>\nQuincy, MA 02171, Stati Uniti<\/p>\n<p>Responsabile della protezione dei dati (DPO)<br \/>\n<a href=\"mailto:privacy@elligodirect.com\">privacy@elligodirect.com<\/a><\/p>\n<p>Per ulteriori informazioni sul nostro trattamento dei dati personali attraverso l\u2019uso dei cookie, consulti la nostra <a href=\"https:\/\/prospect1migrainestudy.com\/it\/informativa-sulla-privacy-per-non-residenti-negli-stati-uniti\/\"><strong>Informativa sulla privacy<\/strong><\/a>.[\/et_pb_text][\/et_pb_column][\/et_pb_row][\/et_pb_section]<\/p>\n","protected":false},"excerpt":{"rendered":"<p>INFORMATIVA SUI COOKIEUltimo aggiornamento: 25\/10\/2022 Elligo Health Research, Inc. (\u201cElligo\u201d \u201cnoi\u201d o \u201cci\u201d) sta assistendo l\u2019Organizzazione di ricerca clinica (Clinical Research Organization, CRO) PPD nel fornire determinati servizi, che potrebbero includere la pubblicit\u00e0 dello studio, il reclutamento per lo studio, il supporto del centro dello studio e l\u2019hosting del sito web dello studio PROSPECT-1 (i [&hellip;]<\/p>\n","protected":false},"author":4,"featured_media":0,"parent":0,"menu_order":0,"comment_status":"closed","ping_status":"closed","template":"","meta":{"_et_pb_use_builder":"on","_et_pb_old_content":"","_et_gb_content_width":"","footnotes":""},"class_list":["post-1991","page","type-page","status-publish","hentry"],"_links":{"self":[{"href":"https:\/\/prospect1migrainestudy.com\/it\/wp-json\/wp\/v2\/pages\/1991","targetHints":{"allow":["GET"]}}],"collection":[{"href":"https:\/\/prospect1migrainestudy.com\/it\/wp-json\/wp\/v2\/pages"}],"about":[{"href":"https:\/\/prospect1migrainestudy.com\/it\/wp-json\/wp\/v2\/types\/page"}],"author":[{"embeddable":true,"href":"https:\/\/prospect1migrainestudy.com\/it\/wp-json\/wp\/v2\/users\/4"}],"replies":[{"embeddable":true,"href":"https:\/\/prospect1migrainestudy.com\/it\/wp-json\/wp\/v2\/comments?post=1991"}],"version-history":[{"count":0,"href":"https:\/\/prospect1migrainestudy.com\/it\/wp-json\/wp\/v2\/pages\/1991\/revisions"}],"wp:attachment":[{"href":"https:\/\/prospect1migrainestudy.com\/it\/wp-json\/wp\/v2\/media?parent=1991"}],"curies":[{"name":"wp","href":"https:\/\/api.w.org\/{rel}","templated":true}]}}