{"id":1978,"date":"2023-11-07T03:18:59","date_gmt":"2023-11-07T03:18:59","guid":{"rendered":"https:\/\/prospect1stg.wpengine.com\/politica-de-cookies\/"},"modified":"2024-09-09T18:12:33","modified_gmt":"2024-09-09T18:12:33","slug":"politica-de-cookies","status":"publish","type":"page","link":"https:\/\/prospect1migrainestudy.com\/es\/politica-de-cookies\/","title":{"rendered":"Pol\u00edtica de cookies"},"content":{"rendered":"<p>[et_pb_section fb_built=\u00bb1&#8243; _builder_version=\u00bb4.19.5&#8243; _module_preset=\u00bbdefault\u00bb background_color=\u00bb#142D3A\u00bb background_image=\u00bbhttps:\/\/moretrialinfo.com\/wp-content\/uploads\/2022\/06\/Brain_Texture.png\u00bb custom_padding=\u00bb40px||30px||false|false\u00bb global_colors_info=\u00bb{}\u00bb][et_pb_row _builder_version=\u00bb4.17.4&#8243; _module_preset=\u00bbdefault\u00bb custom_padding=\u00bb0px||0px||true|false\u00bb global_colors_info=\u00bb{}\u00bb][et_pb_column type=\u00bb4_4&#8243; _builder_version=\u00bb4.17.4&#8243; _module_preset=\u00bbdefault\u00bb global_colors_info=\u00bb{}\u00bb][et_pb_text _builder_version=\u00bb4.19.0&#8243; _module_preset=\u00bbdefault\u00bb text_text_color=\u00bb#FFFFFF\u00bb header_font_size=\u00bb46px\u00bb header_line_height=\u00bb1.25em\u00bb header_2_font_size=\u00bb34px\u00bb text_orientation=\u00bbcenter\u00bb background_layout=\u00bbdark\u00bb header_font_size_tablet=\u00bb38px\u00bb header_font_size_phone=\u00bb34px\u00bb header_font_size_last_edited=\u00bbon|desktop\u00bb header_2_font_size_tablet=\u00bb30px\u00bb header_2_font_size_phone=\u00bb28px\u00bb header_2_font_size_last_edited=\u00bbon|phone\u00bb locked=\u00bboff\u00bb global_colors_info=\u00bb{}\u00bb]<\/p>\n<h1>POL\u00cdTICA DE COOKIES<\/h1>\n<p>[\/et_pb_text][\/et_pb_column][\/et_pb_row][\/et_pb_section][et_pb_section fb_built=\u00bb1&#8243; _builder_version=\u00bb4.17.4&#8243; _module_preset=\u00bbdefault\u00bb custom_padding=\u00bb40px||40px||true|false\u00bb global_colors_info=\u00bb{}\u00bb][et_pb_row _builder_version=\u00bb4.17.4&#8243; _module_preset=\u00bbdefault\u00bb custom_padding=\u00bb2vw||2vw||true|false\u00bb global_colors_info=\u00bb{}\u00bb][et_pb_column type=\u00bb4_4&#8243; _builder_version=\u00bb4.17.4&#8243; _module_preset=\u00bbdefault\u00bb global_colors_info=\u00bb{}\u00bb][et_pb_text _builder_version=\u00bb4.20.1&#8243; _module_preset=\u00bbdefault\u00bb global_colors_info=\u00bb{}\u00bb]<\/p>\n<p>\u00daltima actualizaci\u00f3n: 25\/10\/2022<\/p>\n<p><strong>Elligo Health Research, Inc.<\/strong> (\u00ab<strong>Elligo<\/strong>\u00bb \u00ab<strong>nosotros<\/strong>\u00bb o \u00ab<strong>nos<\/strong>\u00bb) est\u00e1 ayudando a la organizaci\u00f3n de investigaci\u00f3n cl\u00ednica (CRO) PPD a proporcionar ciertos servicios, que podr\u00edan incluir publicidad del estudio, reclutamiento del estudio, apoyo al centro del estudio y alojamiento del sitio web del estudio <strong>PROSPECT-1<\/strong> (los \u00ab<strong>Servicios<\/strong>\u00bb) en nombre del promotor del estudio PROSPECT-1, <strong>H. Lundbeck A\/S<\/strong> (\u00abLundbeck\u00bb). <strong>Lundbeck<\/strong> es el responsable del tratamiento de los datos personales tratados para el estudio <strong>PROSPECT-1<\/strong>.<\/p>\n<p>Esta Pol\u00edtica describe c\u00f3mo y por qu\u00e9 Elligo utiliza cookies en este sitio web https:\/\/Prospect1migrainestudy.com en nombre del responsable del tratamiento de los datos, <strong>Lundbeck<\/strong>.<\/p>\n<p>[\/et_pb_text][et_pb_text _builder_version=\u00bb4.19.5&#8243; _module_preset=\u00bbdefault\u00bb global_colors_info=\u00bb{}\u00bb]<\/p>\n<h2>Qu\u00e9 son las cookies<\/h2>\n<p>Una cookie es un peque\u00f1o fragmento de datos (archivo de texto) que, cuando un usuario visita un sitio web o aplicaci\u00f3n, le pide a su navegador que la almacene en su dispositivo para recordar informaci\u00f3n sobre usted, como si usted ha dado su consentimiento o no para nuestro uso de cookies. Nosotros establecemos esas cookies y las llamamos cookies de origen.<\/p>\n<p>Tambi\u00e9n utilizamos cookies de terceros: estas son cookies de un dominio distinto del dominio del sitio web que est\u00e1 visitando o de un dominio que no estamos utilizando, por ejemplo, con fines de marketing y publicidad.<\/p>\n<p>[\/et_pb_text][et_pb_text _builder_version=\u00bb4.19.5&#8243; _module_preset=\u00bbdefault\u00bb global_colors_info=\u00bb{}\u00bb]<\/p>\n<h2>C\u00f3mo usamos las cookies<\/h2>\n<p>Este sitio web utiliza dos tipos de cookies: cookies persistentes y cookies de sesi\u00f3n. <strong>Las cookies persistentes<\/strong> son cookies que permanecen en su dispositivo durante un determinado per\u00edodo de tiempo (como se indica en la tabla siguiente) o hasta que usted las elimine manualmente o se oponga a ellas. <strong>Las cookies de sesi\u00f3n<\/strong> son cookies que caducan al final de la sesi\u00f3n del navegador (p. ej., cuando abandona nuestro sitio web y cierra su navegador).<\/p>\n<p>Utilizamos las cookies <strong>estrictamente necesarias<\/strong> para (i) reconocerle como un usuario que vuelve, (ii) proteger y proporcionarle nuestro sitio web (p. ej., formateado del sitio web y protecci\u00f3n de nuestro sitio web frente a ataques maliciosos) y (iii) guardar algunas de sus preferencias (p. ej., consentimiento de cookies y configuraci\u00f3n de idioma).<\/p>\n<p>Utilizamos <strong>cookies no esenciales (no estrictamente necesarias)<\/strong> para (i) ofrecer publicidad dirigida en funci\u00f3n de su comportamiento de navegaci\u00f3n y (ii) observar y analizar los niveles de tr\u00e1fico y otras m\u00e9tricas en nuestro sitio web, lo que nos ayuda a mejorar nuestro sitio web y su experiencia general de usuario. Solo utilizamos cookies no esenciales cuando tenemos su consentimiento (v\u00e9ase a continuaci\u00f3n).<\/p>\n<p>Las cookies pueden ser de <strong>origen<\/strong> o <strong>de terceros<\/strong>, lo que significa que son operadas por nosotros (de origen) o por otro (de terceros). Tenga en cuenta que las interacciones con cookies de terceros en nuestro sitio web se rigen por las pol\u00edticas de privacidad y cookies de los terceros, tal como se establece a continuaci\u00f3n.<\/p>\n<p>A continuaci\u00f3n, se expone m\u00e1s informaci\u00f3n sobre los tipos de cookies que utilizamos.[\/et_pb_text][et_pb_text _builder_version=\u00bb4.19.5&#8243; _module_preset=\u00bbdefault\u00bb global_colors_info=\u00bb{}\u00bb]<\/p>\n<h2>Gesti\u00f3n de cookies<\/h2>\n<p>En su primera visita a nuestro sitio web y cada seis meses a partir de entonces, en la p\u00e1gina de inicio ver\u00e1 un banner de cookies que le informar\u00e1 de por qu\u00e9 se utilizan las cookies y le pedir\u00e1 que d\u00e9 su consentimiento para cada cookie no esencial si acepta usarlas, escogiendo \u00abAceptar todas\u00bb. Si no est\u00e1 de acuerdo, puede seleccionar cu\u00e1les rechazar o aceptar o puede elegir \u00abRechazar todo\u00bb.<\/p>\n<p>Puede cambiar sus preferencias de cookies a trav\u00e9s del banner de cookies, donde tiene la opci\u00f3n de darse de baja o de excluirse para el uso de cookies no esenciales en su dispositivo. Sin embargo, tambi\u00e9n puede actualizar sus preferencias de cookies en todo momento utilizando este bot\u00f3n a continuaci\u00f3n:[\/et_pb_text][et_pb_code _builder_version=\u00bb4.27.0&#8243; _module_preset=\u00bbdefault\u00bb hover_enabled=\u00bb0&#8243; global_colors_info=\u00bb{}\u00bb sticky_enabled=\u00bb0&#8243;][wcc_preference_button][\/et_pb_code][et_pb_text _builder_version=\u00bb4.19.0&#8243; _module_preset=\u00bbdefault\u00bb global_colors_info=\u00bb{}\u00bb]<\/p>\n<p>Tenga en cuenta que no puede desactivar las cookies estrictamente necesarias, ya que afectan a la funcionalidad de nuestro sitio web y a su capacidad para utilizar determinadas funciones y funcionalidades. \u00a0<\/p>\n<p>[\/et_pb_text][et_pb_text _builder_version=\u00bb4.19.5&#8243; _module_preset=\u00bbdefault\u00bb custom_margin=\u00bb||8px||false|false\u00bb global_colors_info=\u00bb{}\u00bb]<\/p>\n<h2>Tipos de cookies utilizadas<\/h2>\n<p>[\/et_pb_text][et_pb_text _builder_version=\u00bb4.19.5&#8243; _module_preset=\u00bbdefault\u00bb header_2_text_color=\u00bb#691F45&#8243; custom_css_main_element=\u00bboverflow-x: scroll;\u00bb global_colors_info=\u00bb{}\u00bb]<\/p>\n<table border=\"1\" style=\"border-collapse: collapse; width: 100%;\">\n<tbody>\n<tr>\n<td style=\"width: 15.9585%;\"><strong>Operador<\/strong><\/td>\n<td style=\"width: 1.21359%;\"><strong>Nombre de la cookie<\/strong><\/td>\n<td style=\"width: 17.5261%;\"><strong>Sesi\u00f3n o persistente <\/strong><\/td>\n<td style=\"width: 47.568%;\"><strong>Prop\u00f3sito<\/strong><\/td>\n<td style=\"width: 40.0688%;\"><strong>Duraci\u00f3n<\/strong><\/td>\n<\/tr>\n<tr>\n<td style=\"text-align: center;\" colspan=\"5\">\n<h3 style=\"padding: 4px 0;\">Cookies estrictamente necesarias<\/h3>\n<\/td>\n<\/tr>\n<tr>\n<td style=\"width: 15.9585%;\"><em>Elligo<\/em><\/td>\n<td style=\"width: 1.21359%;\">PHPSESSID<\/td>\n<td style=\"width: 17.5261%;\">Sesi\u00f3n<\/td>\n<td style=\"width: 47.568%;\">Esta cookie es nativa de las aplicaciones PHP. La cookie se utiliza para almacenar e identificar el ID de sesi\u00f3n \u00fanico del usuario, con el fin de gestionar la sesi\u00f3n de usuario en el sitio web. La cookie es una cookie de sesi\u00f3n y se elimina cuando se cierran todas las ventanas del navegador.<\/td>\n<td style=\"width: 40.0688%;\">Sesi\u00f3n<\/td>\n<\/tr>\n<tr>\n<td style=\"width: 15.9585%;\"><em>Elligo<\/em><\/td>\n<td style=\"width: 1.21359%;\">viewed_cookie_policy<\/td>\n<td style=\"width: 17.5261%;\">Persistente<\/td>\n<td style=\"width: 47.568%;\">La cookie la establece el complemento de consentimiento de cookies del RGPD y se utiliza para almacenar si el usuario ha dado su consentimiento o no para el uso de cookies. No almacena ning\u00fan dato personal.<\/td>\n<td style=\"width: 40.0688%;\">6 meses<\/td>\n<\/tr>\n<tr>\n<td style=\"width: 15.9585%;\"><em>Elligo<\/em><\/td>\n<td style=\"width: 1.21359%;\">cookielawinfo-checkbox-necessary<\/td>\n<td style=\"width: 17.5261%;\">Persistente<\/td>\n<td style=\"width: 47.568%;\">Esta cookie la establece el complemento de consentimiento de cookies del RGPD. La cookie se utiliza para almacenar el consentimiento del usuario para las cookies en la categor\u00eda \u00abNecesario\u00bb.<\/td>\n<td style=\"width: 40.0688%;\">1 a\u00f1o<\/td>\n<\/tr>\n<tr>\n<td style=\"width: 15.9585%;\"><em>Elligo<\/em><\/td>\n<td style=\"width: 1.21359%;\">cookielawinfo-checkbox-functional<\/td>\n<td style=\"width: 17.5261%;\">Persistente<\/td>\n<td style=\"width: 47.568%;\">La cookie se establece mediante el complemento de consentimiento de cookies del RGPD para registrar el consentimiento del usuario para las cookies en la categor\u00eda \u00abFuncional\u00bb.<\/td>\n<td style=\"width: 40.0688%;\">1 a\u00f1o<\/td>\n<\/tr>\n<tr>\n<td style=\"width: 15.9585%;\"><em>Elligo<\/em><\/td>\n<td style=\"width: 1.21359%;\">cookielawinfo-checkbox-performance<\/td>\n<td style=\"width: 17.5261%;\">Persistente<\/td>\n<td style=\"width: 47.568%;\">Esta cookie la establece el complemento de consentimiento de cookies del RGPD. La cookie se utiliza para almacenar el consentimiento del usuario para las cookies en la categor\u00eda \u00abRendimiento\u00bb.<\/td>\n<td style=\"width: 40.0688%;\">1 a\u00f1o<\/td>\n<\/tr>\n<tr>\n<td style=\"width: 15.9585%;\"><em>Elligo<\/em><\/td>\n<td style=\"width: 1.21359%;\">cookielawinfo-checkbox-analytics<\/td>\n<td style=\"width: 17.5261%;\">Persistente<\/td>\n<td style=\"width: 47.568%;\">Esta cookie la establece el complemento de consentimiento de cookies de WordPress del RGPD. La cookie se utiliza para recordar el consentimiento del usuario para las cookies bajo la categor\u00eda \u00abAn\u00e1lisis\u00bb.<\/td>\n<td style=\"width: 40.0688%;\">1 a\u00f1o<\/td>\n<\/tr>\n<tr>\n<td style=\"width: 15.9585%;\"><em>Elligo<\/em><\/td>\n<td style=\"width: 1.21359%;\">cookielawinfo-checkbox-advertisement<\/td>\n<td style=\"width: 17.5261%;\">Persistente<\/td>\n<td style=\"width: 47.568%;\">La cookie se establece mediante el consentimiento de cookies del RGPD para registrar el consentimiento del usuario para las cookies en la categor\u00eda \u00abAnuncio\u00bb.<\/td>\n<td style=\"width: 40.0688%;\">1 a\u00f1o<\/td>\n<\/tr>\n<tr>\n<td style=\"width: 15.9585%;\"><em>Elligo<\/em><\/td>\n<td style=\"width: 1.21359%;\">cookielawinfo-checkbox-others<\/td>\n<td style=\"width: 17.5261%;\">Persistente<\/td>\n<td style=\"width: 47.568%;\">Esta cookie la establece el complemento de consentimiento de cookies del RGPD. La cookie se utiliza para almacenar el consentimiento del usuario para las cookies en la categor\u00eda \u00abOtros\u00bb.<\/td>\n<td style=\"width: 40.0688%;\">1 a\u00f1o<\/td>\n<\/tr>\n<tr>\n<td style=\"width: 15.9585%;\"><em>Elligo<\/em><\/td>\n<td style=\"width: 1.21359%;\">selected_language_url<\/td>\n<td style=\"width: 17.5261%;\">Persistente<\/td>\n<td style=\"width: 47.568%;\">Esta cookie se utiliza para mostrar el idioma elegido que un usuario selecciona en el sitio web.<\/td>\n<td style=\"width: 40.0688%;\">6 meses<\/td>\n<\/tr>\n<tr>\n<td style=\"width: 15.9585%;\"><em>WPML<\/em><\/td>\n<td style=\"width: 1.21359%;\">wp-wpml_current_language<\/td>\n<td style=\"width: 17.5261%;\">Persistente<\/td>\n<td style=\"width: 47.568%;\">El complemento WPML establece esta cookie para almacenar la selecci\u00f3n de idioma del usuario actual.<\/td>\n<td style=\"width: 40.0688%;\">24 horas<\/td>\n<\/tr>\n<tr>\n<td style=\"width: 15.9585%;\"><em> Matomo<\/em><\/td>\n<td style=\"width: 1.21359%;\">matomo_sessid<\/td>\n<td style=\"width: 17.5261%;\">Sesi\u00f3n<\/td>\n<td style=\"width: 47.568%;\">Esta cookie no contiene ning\u00fan dato utilizado para identificar a los visitantes, pero se considera una cookie esencial<\/td>\n<td style=\"width: 40.0688%;\">14\u00a0d\u00edas<\/td>\n<\/tr>\n<tr>\n<td style=\"text-align: center;\" colspan=\"5\">\n<h3 style=\"padding: 4px 0;\">Cookies no estrictamente necesarias<\/h3>\n<\/td>\n<\/tr>\n<tr>\n<td style=\"width: 15.9585%;\"><em>AppFromLab<\/em><\/td>\n<td style=\"width: 1.21359%;\">afl_wc_utm_sess_referer<\/td>\n<td style=\"width: 17.5261%;\">Sesi\u00f3n<\/td>\n<td style=\"width: 47.568%;\">Esta cookie, establecida por el complemento AFL UTM Tracker, almacena el primer remitente del sitio web del usuario.<\/td>\n<td style=\"width: 40.0688%;\">Sesi\u00f3n<\/td>\n<\/tr>\n<tr>\n<td style=\"width: 15.9585%;\"><em>AppFromLab<\/em><\/td>\n<td style=\"width: 1.21359%;\">afl_wc_utm_cookie_expiry<\/td>\n<td style=\"width: 17.5261%;\">Persistente<\/td>\n<td style=\"width: 47.568%;\">Esta cookie, establecida por el complemento AFL UTM Tracker, almacena el n\u00famero de d\u00edas tras los cuales deben caducar las cookies establecidas por el complemento AFL UTM Tracker tras la \u00faltima visita del usuario.<\/td>\n<td style=\"width: 40.0688%;\">90 d\u00edas<\/td>\n<\/tr>\n<tr>\n<td style=\"width: 15.9585%;\"><em>AppFromLab<\/em><\/td>\n<td style=\"width: 1.21359%;\">afl_wc_utm_sess_visit<\/td>\n<td style=\"width: 17.5261%;\">Sesi\u00f3n<\/td>\n<td style=\"width: 47.568%;\">Esta cookie, establecida por el complemento AFL UTM Tracker, almacena la marca de tiempo de la primera visita a la p\u00e1gina de destino del usuario.<\/td>\n<td style=\"width: 40.0688%;\">Sesi\u00f3n<\/td>\n<\/tr>\n<tr>\n<td style=\"width: 15.9585%;\"><em>AppFromLab<\/em><\/td>\n<td style=\"width: 1.21359%;\">afl_wc_utm_sess_landing<\/td>\n<td style=\"width: 17.5261%;\">Sesi\u00f3n<\/td>\n<td style=\"width: 47.568%;\">Esta cookie, establecida por el complemento AFL UTM Tracker, almacena la URL de la primera p\u00e1gina de destino del usuario.<\/td>\n<td style=\"width: 40.0688%;\">Sesi\u00f3n<\/td>\n<\/tr>\n<tr>\n<td style=\"width: 15.9585%;\"><em>AppFromLab<\/em><\/td>\n<td style=\"width: 1.21359%;\">afl_wc_utm_main<\/td>\n<td style=\"width: 17.5261%;\">Sesi\u00f3n<\/td>\n<td style=\"width: 47.568%;\">Esta cookie, establecida por el complemento AFL UTM Tracker, almacena la marca de tiempo de la \u00faltima comunicaci\u00f3n actualizada del lado del servidor.<\/td>\n<td style=\"width: 40.0688%;\">Sesi\u00f3n<\/td>\n<\/tr>\n<tr>\n<td style=\"width: 15.9585%;\"><em>Matomo<\/em><\/td>\n<td style=\"width: 1.21359%;\">_pk_id*<\/td>\n<td style=\"width: 17.5261%;\">Persistente<\/td>\n<td style=\"width: 47.568%;\">Se utiliza para almacenar algunos detalles sobre el usuario, como el ID de visitante de la unidad<\/td>\n<td style=\"width: 40.0688%;\">13\u00a0meses<\/td>\n<\/tr>\n<tr>\n<td style=\"width: 15.9585%;\"><em>Matomo<\/em><\/td>\n<td style=\"width: 1.21359%;\">_pk_ref*<\/td>\n<td style=\"width: 17.5261%;\">Persistente<\/td>\n<td style=\"width: 47.568%;\">Se utiliza para almacenar la informaci\u00f3n de atribuci\u00f3n<\/td>\n<td style=\"width: 40.0688%;\">6 meses<\/td>\n<\/tr>\n<tr>\n<td style=\"width: 15.9585%;\"><em>Matomo<\/em><\/td>\n<td style=\"width: 1.21359%;\">_pk_ses*<\/td>\n<td style=\"width: 17.5261%;\">Sesi\u00f3n<\/td>\n<td style=\"width: 47.568%;\">Se utiliza para almacenar el ID de sesi\u00f3n \u00fanico<\/td>\n<td style=\"width: 40.0688%;\">30\u00a0minutos<\/td>\n<\/tr>\n<tr>\n<td style=\"width: 15.9585%;\"><em>Matomo<\/em><\/td>\n<td style=\"width: 1.21359%;\">_pk_cvar<\/td>\n<td style=\"width: 17.5261%;\">Sesi\u00f3n<\/td>\n<td style=\"width: 47.568%;\">Contiene variables personalizadas que se fijaron durante la vista de p\u00e1gina anterior.<\/td>\n<td style=\"width: 40.0688%;\">30\u00a0minutos<\/td>\n<\/tr>\n<tr>\n<td style=\"width: 15.9585%;\"><em>Matomo<\/em><\/td>\n<td style=\"width: 1.21359%;\">_pk_hsr<\/td>\n<td style=\"width: 17.5261%;\">Sesi\u00f3n<\/td>\n<td style=\"width: 47.568%;\">Cookie de corta duraci\u00f3n para mapeo t\u00e9rmico del sitio web<\/td>\n<td style=\"width: 40.0688%;\">30\u00a0minutos<\/td>\n<\/tr>\n<tr>\n<td style=\"width: 15.9585%;\"><em>Matomo<\/em><\/td>\n<td style=\"width: 1.21359%;\">_pk_testcookie<\/td>\n<td style=\"width: 17.5261%;\">Sesi\u00f3n<\/td>\n<td style=\"width: 47.568%;\">Se utiliza para comprobar si el navegador del visitante admite cookies<\/td>\n<td style=\"width: 40.0688%;\">&lt;5 minutos<\/td>\n<\/tr>\n<tr>\n<td style=\"width: 15.9585%;\"><em>Matomo<\/em><\/td>\n<td style=\"width: 1.21359%;\">mtm_consent or mtm_consent_removed<\/td>\n<td style=\"width: 17.5261%;\">Persistente<\/td>\n<td style=\"width: 47.568%;\">Creada para recordar que el usuario otorg\u00f3 (o elimin\u00f3) el consentimiento<\/td>\n<td style=\"width: 40.0688%;\">2 a\u00f1os<\/td>\n<\/tr>\n<tr>\n<td style=\"width: 15.9585%;\"><em>\u00a0Matomo<\/em><\/td>\n<td style=\"width: 1.21359%;\">mtm_cookie_consent<\/td>\n<td style=\"width: 17.5261%;\">Persistente<\/td>\n<td style=\"width: 47.568%;\">Se usa para recordar que el usuario otorg\u00f3 su consentimiento para almacenar y utilizar cookies<\/td>\n<td style=\"width: 40.0688%;\">2 a\u00f1os<\/td>\n<\/tr>\n<tr>\n<td style=\"width: 15.9585%;\"><em>\u00a0Matomo<\/em><\/td>\n<td style=\"width: 1.21359%;\">Matomo_ignore<\/td>\n<td style=\"width: 17.5261%;\">Persistente<\/td>\n<td style=\"width: 47.568%;\">Creado cuando el usuario opta por no ser objeto de seguimiento<\/td>\n<td style=\"width: 40.0688%;\">30\u00a0a\u00f1os<\/td>\n<\/tr>\n<\/tbody>\n<\/table>\n<p>[\/et_pb_text][et_pb_text _builder_version=\u00bb4.21.0&#8243; _module_preset=\u00bbdefault\u00bb global_colors_info=\u00bb{}\u00bb]<\/p>\n<h2>Contacto<\/h2>\n<p>Para obtener m\u00e1s informaci\u00f3n sobre nuestro uso de cookies en nuestro sitio web, p\u00f3ngase en contacto con nosotros en<\/p>\n<p>Elligo Health Research, Inc.<br \/>\n108 Myrtle St. Suite 201<br \/>\nQuincy, MA 02171, EE. UU.<\/p>\n<p>Delegado de protecci\u00f3n de datos<br \/>\n<a href=\"mailto:privacy@elligodirect.com\">privacy@elligodirect.com<\/a><\/p>\n<p>Para obtener m\u00e1s informaci\u00f3n sobre c\u00f3mo procesamos los datos personales mediante el uso de cookies, visite nuestra <a href=\"https:\/\/prospect1migrainestudy.com\/es\/politica-de-privacidad-de-ous\/\"><strong>Pol\u00edtica de privacidad<\/strong><\/a>[\/et_pb_text][\/et_pb_column][\/et_pb_row][\/et_pb_section]<\/p>\n","protected":false},"excerpt":{"rendered":"<p>POL\u00cdTICA DE COOKIES\u00daltima actualizaci\u00f3n: 25\/10\/2022 Elligo Health Research, Inc. (\u00abElligo\u00bb \u00abnosotros\u00bb o \u00abnos\u00bb) est\u00e1 ayudando a la organizaci\u00f3n de investigaci\u00f3n cl\u00ednica (CRO) PPD a proporcionar ciertos servicios, que podr\u00edan incluir publicidad del estudio, reclutamiento del estudio, apoyo al centro del estudio y alojamiento del sitio web del estudio PROSPECT-1 (los \u00abServicios\u00bb) en nombre del promotor [&hellip;]<\/p>\n","protected":false},"author":4,"featured_media":0,"parent":0,"menu_order":0,"comment_status":"closed","ping_status":"closed","template":"","meta":{"_et_pb_use_builder":"on","_et_pb_old_content":"","_et_gb_content_width":"","footnotes":""},"class_list":["post-1978","page","type-page","status-publish","hentry"],"_links":{"self":[{"href":"https:\/\/prospect1migrainestudy.com\/es\/wp-json\/wp\/v2\/pages\/1978","targetHints":{"allow":["GET"]}}],"collection":[{"href":"https:\/\/prospect1migrainestudy.com\/es\/wp-json\/wp\/v2\/pages"}],"about":[{"href":"https:\/\/prospect1migrainestudy.com\/es\/wp-json\/wp\/v2\/types\/page"}],"author":[{"embeddable":true,"href":"https:\/\/prospect1migrainestudy.com\/es\/wp-json\/wp\/v2\/users\/4"}],"replies":[{"embeddable":true,"href":"https:\/\/prospect1migrainestudy.com\/es\/wp-json\/wp\/v2\/comments?post=1978"}],"version-history":[{"count":0,"href":"https:\/\/prospect1migrainestudy.com\/es\/wp-json\/wp\/v2\/pages\/1978\/revisions"}],"wp:attachment":[{"href":"https:\/\/prospect1migrainestudy.com\/es\/wp-json\/wp\/v2\/media?parent=1978"}],"curies":[{"name":"wp","href":"https:\/\/api.w.org\/{rel}","templated":true}]}}