{"id":2193,"date":"2025-07-07T18:10:29","date_gmt":"2025-07-07T18:10:29","guid":{"rendered":"https:\/\/prospect1stg.wpengine.com\/politica-de-cookies\/"},"modified":"2025-07-10T20:18:57","modified_gmt":"2025-07-10T20:18:57","slug":"politica-de-cookies","status":"publish","type":"page","link":"https:\/\/prospect1migrainestudy.com\/es-mx\/politica-de-cookies\/","title":{"rendered":"Pol\u00edtica de cookies"},"content":{"rendered":"<p>[et_pb_section fb_built=&#8221;1&#8243; _builder_version=&#8221;4.19.5&#8243; _module_preset=&#8221;default&#8221; background_color=&#8221;#142D3A&#8221; background_image=&#8221;https:\/\/moretrialinfo.com\/wp-content\/uploads\/2022\/06\/Brain_Texture.png&#8221; custom_padding=&#8221;40px||30px||false|false&#8221; global_colors_info=&#8221;{}&#8221;][et_pb_row _builder_version=&#8221;4.17.4&#8243; _module_preset=&#8221;default&#8221; custom_padding=&#8221;0px||0px||true|false&#8221; global_colors_info=&#8221;{}&#8221;][et_pb_column type=&#8221;4_4&#8243; _builder_version=&#8221;4.17.4&#8243; _module_preset=&#8221;default&#8221; global_colors_info=&#8221;{}&#8221;][et_pb_text _builder_version=&#8221;4.19.0&#8243; _module_preset=&#8221;default&#8221; text_text_color=&#8221;#FFFFFF&#8221; header_font_size=&#8221;46px&#8221; header_line_height=&#8221;1.25em&#8221; header_2_font_size=&#8221;34px&#8221; text_orientation=&#8221;center&#8221; background_layout=&#8221;dark&#8221; header_font_size_tablet=&#8221;38px&#8221; header_font_size_phone=&#8221;34px&#8221; header_font_size_last_edited=&#8221;on|desktop&#8221; header_2_font_size_tablet=&#8221;30px&#8221; header_2_font_size_phone=&#8221;28px&#8221; header_2_font_size_last_edited=&#8221;on|phone&#8221; locked=&#8221;off&#8221; global_colors_info=&#8221;{}&#8221;]<\/p>\n<h1>Pol\u00edtica de cookies<\/h1>\n<p>[\/et_pb_text][\/et_pb_column][\/et_pb_row][\/et_pb_section][et_pb_section fb_built=&#8221;1&#8243; _builder_version=&#8221;4.17.4&#8243; _module_preset=&#8221;default&#8221; custom_padding=&#8221;40px||40px||true|false&#8221; global_colors_info=&#8221;{}&#8221;][et_pb_row _builder_version=&#8221;4.17.4&#8243; _module_preset=&#8221;default&#8221; custom_padding=&#8221;2vw||2vw||true|false&#8221; global_colors_info=&#8221;{}&#8221;][et_pb_column type=&#8221;4_4&#8243; _builder_version=&#8221;4.17.4&#8243; _module_preset=&#8221;default&#8221; global_colors_info=&#8221;{}&#8221;][et_pb_text _builder_version=&#8221;4.27.4&#8243; _module_preset=&#8221;default&#8221; hover_enabled=&#8221;0&#8243; global_colors_info=&#8221;{}&#8221; sticky_enabled=&#8221;0&#8243;]<\/p>\n<p>\u00daltima actualizaci\u00f3n: 25\/10\/2022<\/p>\n<p><strong>Elligo Health Research, Inc.<\/strong> (\u201c<strong>Elligo<\/strong>\u201d o \u201c<strong>nos<\/strong><strong>otros<\/strong>\u201d) est\u00e1 ayudando a la Organizaci\u00f3n de Investigaci\u00f3n Cl\u00ednica (Clinical Research Organization, CRO) PPD a brindar ciertos servicios, que podr\u00edan incluir publicidad del estudio, reclutamiento para el estudio, apoyo al centro del estudio y alojamiento del sitio web del estudio <strong>PROSPECT-1<\/strong> (los \u201c<strong>Servicios<\/strong>\u201d) en nombre del patrocinador del estudio PROSPECT-1, <strong>H. Lundbeck A\/S<\/strong> (\u201c<strong>Lundbeck<\/strong>\u201d). Lundbeck es el controlador de datos para los datos personales procesados para el estudio <strong>PROSPECT-1<\/strong>.<\/p>\n<p>Esta Pol\u00edtica describe c\u00f3mo y por qu\u00e9 Elligo utiliza cookies en este sitio web <a href=\"https:\/\/prospect1migrainestudy.com\/es-mx\/\">https:\/\/Prospect1migrainestudy.com<\/a> en nombre del controlador de datos, <strong>Lundbeck<\/strong>.<\/p>\n<p>[\/et_pb_text][et_pb_text _builder_version=&#8221;4.19.5&#8243; _module_preset=&#8221;default&#8221; global_colors_info=&#8221;{}&#8221;]<\/p>\n<h2>Qu\u00e9 son las \u201ccookies\u201d<\/h2>\n<p>Una cookie es un peque\u00f1o dato (archivo de texto) que cuando un sitio web o una aplicaci\u00f3n es visitado por un usuario le pide a su navegador que almacene en su dispositivo para recordar informaci\u00f3n sobre usted, tal como, si ha dado o no su consentimiento para el uso de cookies. Esas cookies son establecidas por nosotros y se denominan cookies de primera parte. <\/p>\n<p>Tambi\u00e9n utilizamos cookies de terceros, estas son cookies de un dominio diferente al dominio del sitio web que est\u00e1 visitando o de un dominio que no estamos operando, por ejemplo, para fines de marketing y publicidad.<\/p>\n<p>[\/et_pb_text][et_pb_text _builder_version=&#8221;4.19.5&#8243; _module_preset=&#8221;default&#8221; global_colors_info=&#8221;{}&#8221;]<\/p>\n<h2>C\u00f3mo usamos las cookies<\/h2>\n<p>Este sitio web utiliza dos tipos de cookies: cookies persistentes y cookies de sesi\u00f3n. Las cookies <strong>persistentes<\/strong> son cookies que permanecen en su dispositivo durante un determinado per\u00edodo (como se indica en la tabla a continuaci\u00f3n) o hasta que usted las elimina manualmente o las rechaza. Las cookies de <strong>sesi\u00f3n<\/strong> son cookies que vencen al final de la sesi\u00f3n del navegador (p. ej., cuando abandona nuestro sitio web y cierra su navegador).<\/p>\n<p>Utilizamos cookies <strong>estrictamente necesarias<\/strong> para (i) reconocerlo como usuario recurrente, (ii) proteger y proporcionarle nuestro sitio web (p. ej., formateo del sitio web y protecci\u00f3n de nuestro sitio web contra ataques maliciosos) y (iii) guardar algunas de sus preferencias (p. ej., consentimiento de cookies y configuraci\u00f3n de idioma).<\/p>\n<p>Utilizamos <strong>cookies no esenciales (no estrictamente necesarias)<\/strong> para (i) entregar publicidad dirigida sobre la base de su comportamiento de navegaci\u00f3n y (ii) observar y analizar los niveles de tr\u00e1fico y otras m\u00e9tricas en nuestro sitio web, lo que nos ayuda a mejorar nuestro sitio web, as\u00ed como su experiencia general de usuario. Solo utilizamos cookies no esenciales cuando tenemos su consentimiento (consultar a continuaci\u00f3n).<\/p>\n<p>Las cookies pueden ser de <strong>primera parte<\/strong> o de un <strong>tercero<\/strong>, lo que significa que son administradas por nosotros (primera parte) o por otra parte (tercera parte). Tenga en cuenta que las interacciones con las cookies de terceros en nuestro sitio web se rigen por las pol\u00edticas de privacidad y cookies del tercero como se establece a continuaci\u00f3n.<\/p>\n<p>A continuaci\u00f3n, se presenta m\u00e1s informaci\u00f3n sobre los tipos de cookies que utilizamos.[\/et_pb_text][et_pb_text _builder_version=&#8221;4.19.5&#8243; _module_preset=&#8221;default&#8221; global_colors_info=&#8221;{}&#8221;]<\/p>\n<h2>Administraci\u00f3n de cookies<\/h2>\n<p>En su primera visita a nuestro sitio web y cada seis meses a partir de entonces, en la p\u00e1gina de inicio ver\u00e1 un banner de cookies que le informar\u00e1 por qu\u00e9 se usan cookies y le pedir\u00e1 que acepte cada cookie no esencial si est\u00e1 de acuerdo con usarlas al elegir \u201cAceptar todo\u201d. Si no est\u00e1 de acuerdo, puede seleccionar cu\u00e1les rechazar o aceptar, o puede elegir \u201cRechazar todo\u201d.<\/p>\n<p>Puede cambiar sus preferencias de cookies a trav\u00e9s del banner de cookies, donde tiene la opci\u00f3n de aceptar o no el uso de cookies no esenciales en su dispositivo. Sin embargo, tambi\u00e9n puede actualizar sus preferencias de cookies en cualquier momento usando este bot\u00f3n a continuaci\u00f3n:[\/et_pb_text][et_pb_code _builder_version=&#8221;4.27.0&#8243; _module_preset=&#8221;default&#8221; global_colors_info=&#8221;{}&#8221;][wcc_preference_button][\/et_pb_code][et_pb_text _builder_version=&#8221;4.19.0&#8243; _module_preset=&#8221;default&#8221; global_colors_info=&#8221;{}&#8221;]<\/p>\n<p>Tenga en cuenta que no puede deshabilitar las cookies estrictamente necesarias, ya que estas afectan la funcionalidad de nuestro sitio web y su capacidad para usar ciertas funciones y funcionalidades. <\/p>\n<p>[\/et_pb_text][et_pb_text _builder_version=&#8221;4.19.5&#8243; _module_preset=&#8221;default&#8221; custom_margin=&#8221;||8px||false|false&#8221; global_colors_info=&#8221;{}&#8221;]<\/p>\n<h2>Tipos de cookies utilizadas<\/h2>\n<p>[\/et_pb_text][et_pb_text _builder_version=&#8221;4.19.5&#8243; _module_preset=&#8221;default&#8221; header_2_text_color=&#8221;#691F45&#8243; custom_css_main_element=&#8221;overflow-x: scroll;&#8221; global_colors_info=&#8221;{}&#8221;]<\/p>\n<table border=\"1\" style=\"border-collapse: collapse; width: 100%;\">\n<tbody>\n<tr>\n<td style=\"width: 15.9585%;\"><strong>Operador<\/strong><\/td>\n<td style=\"width: 1.21359%;\"><strong>Nombre de la cookie<\/strong><\/td>\n<td style=\"width: 17.5261%;\"><strong>De sesi\u00f3n o persistente <\/strong><\/td>\n<td style=\"width: 47.568%;\"><strong>Prop\u00f3sito<\/strong><\/td>\n<td style=\"width: 40.0688%;\"><strong>Vida \u00fatil<\/strong><\/td>\n<\/tr>\n<tr>\n<td style=\"text-align: center;\" colspan=\"5\">\n<h3 style=\"padding: 4px 0;\">Cookies estrictamente necesarias<\/h3>\n<\/td>\n<\/tr>\n<tr>\n<td style=\"width: 15.9585%;\"><em>Elligo<\/em><\/td>\n<td style=\"width: 1.21359%;\">PHPSESSID<\/td>\n<td style=\"width: 17.5261%;\">Sesi\u00f3n<\/td>\n<td style=\"width: 47.568%;\">Esta cookie es nativa de las aplicaciones PHP. La cookie se utiliza para almacenar e identificar la ID de sesi\u00f3n \u00fanica de un usuario con el fin de gestionar la sesi\u00f3n de usuario en el sitio web. La cookie es una cookie de sesi\u00f3n y se elimina cuando se cierran todas las ventanas del navegador.  <\/td>\n<td style=\"width: 40.0688%;\">Sesi\u00f3n<\/td>\n<\/tr>\n<tr>\n<td style=\"width: 15.9585%;\"><em>Elligo<\/em><\/td>\n<td style=\"width: 1.21359%;\">viewed_cookie_policy<\/td>\n<td style=\"width: 17.5261%;\">Persistente<\/td>\n<td style=\"width: 47.568%;\">La cookie la establece el complemento de consentimiento de cookies del RGPD y se utiliza para almacenar si el usuario ha dado tu consentimiento o no para el uso de cookies. No almacena ning\u00fan dato personal. <\/td>\n<td style=\"width: 40.0688%;\">6 meses<\/td>\n<\/tr>\n<tr>\n<td style=\"width: 15.9585%;\"><em>Elligo<\/em><\/td>\n<td style=\"width: 1.21359%;\">cookielawinfo-checkbox-necessary<\/td>\n<td style=\"width: 17.5261%;\">Persistente<\/td>\n<td style=\"width: 47.568%;\">Esta cookie la establece el complemento de consentimiento de cookies del RGPD. Las cookies se utilizan para almacenar el consentimiento del usuario para las cookies en la categor\u00eda \u201cNecesarias\u201d. <\/td>\n<td style=\"width: 40.0688%;\">1 a\u00f1o<\/td>\n<\/tr>\n<tr>\n<td style=\"width: 15.9585%;\"><em>Elligo<\/em><\/td>\n<td style=\"width: 1.21359%;\">cookielawinfo-checkbox-functional<\/td>\n<td style=\"width: 17.5261%;\">Persistente<\/td>\n<td style=\"width: 47.568%;\">Las cookies se establecen mediante el complemento de consentimiento de cookies del RGPD para registrar el consentimiento del usuario para las cookies en la categor\u00eda \u201cFuncional\u201d.<\/td>\n<td style=\"width: 40.0688%;\">1 a\u00f1o<\/td>\n<\/tr>\n<tr>\n<td style=\"width: 15.9585%;\"><em>Elligo<\/em><\/td>\n<td style=\"width: 1.21359%;\">cookielawinfo-checkbox-performance<\/td>\n<td style=\"width: 17.5261%;\">Persistente<\/td>\n<td style=\"width: 47.568%;\">Esta cookie la establece el complemento de consentimiento de cookies del RGPD. La cookie se utiliza para almacenar el consentimiento del usuario para las cookies en la categor\u00eda \u201cRendimiento\u201d. <\/td>\n<td style=\"width: 40.0688%;\">1 a\u00f1o<\/td>\n<\/tr>\n<tr>\n<td style=\"width: 15.9585%;\"><em>Elligo<\/em><\/td>\n<td style=\"width: 1.21359%;\">cookielawinfo-checkbox-analytics<\/td>\n<td style=\"width: 17.5261%;\">Persistente<\/td>\n<td style=\"width: 47.568%;\">Esta cookie es establecida por el complemento de consentimiento de cookies RGPD de WordPress. La cookie se utiliza para recordar el consentimiento del usuario para las cookies bajo la categor\u00eda \u201cAnal\u00edtica\u201d. <\/td>\n<td style=\"width: 40.0688%;\">1 a\u00f1o<\/td>\n<\/tr>\n<tr>\n<td style=\"width: 15.9585%;\"><em>Elligo<\/em><\/td>\n<td style=\"width: 1.21359%;\">cookielawinfo-checkbox-advertisement<\/td>\n<td style=\"width: 17.5261%;\">Persistente<\/td>\n<td style=\"width: 47.568%;\">La cookie se establece mediante el consentimiento de cookies del RGPD para registrar el consentimiento del usuario para las cookies en la categor\u00eda \u201cPublicidad\u201d.<\/td>\n<td style=\"width: 40.0688%;\">1 a\u00f1o<\/td>\n<\/tr>\n<tr>\n<td style=\"width: 15.9585%;\"><em>Elligo<\/em><\/td>\n<td style=\"width: 1.21359%;\">cookielawinfo-checkbox-others<\/td>\n<td style=\"width: 17.5261%;\">Persistente<\/td>\n<td style=\"width: 47.568%;\">Esta cookie la establece el complemento de consentimiento de cookies del RGPD. La cookie se utiliza para almacenar el consentimiento del usuario para las cookies en la categor\u00eda \u201cOtros\u201d. <\/td>\n<td style=\"width: 40.0688%;\">1 a\u00f1o<\/td>\n<\/tr>\n<tr>\n<td style=\"width: 15.9585%;\"><em>Elligo<\/em><\/td>\n<td style=\"width: 1.21359%;\">selected_language_url<\/td>\n<td style=\"width: 17.5261%;\">Persistente<\/td>\n<td style=\"width: 47.568%;\">Esta cookie se utiliza para mostrar el idioma elegido que un usuario selecciona en el sitio web.<\/td>\n<td style=\"width: 40.0688%;\">6 meses<\/td>\n<\/tr>\n<tr>\n<td style=\"width: 15.9585%;\"><em>WPML<\/em><\/td>\n<td style=\"width: 1.21359%;\">wp-wpml_current_language<\/td>\n<td style=\"width: 17.5261%;\">Persistente<\/td>\n<td style=\"width: 47.568%;\">Esta cookie es instalada por el plugin WPML para almacenar la selecci\u00f3n de idioma del usuario actual.<\/td>\n<td style=\"width: 40.0688%;\">24 horas<\/td>\n<\/tr>\n<tr>\n<td style=\"width: 15.9585%;\"><em> Matomo<\/em><\/td>\n<td style=\"width: 1.21359%;\">matomo_sessid<\/td>\n<td style=\"width: 17.5261%;\">Sesi\u00f3n<\/td>\n<td style=\"width: 47.568%;\">Esta cookie no contiene ning\u00fan dato utilizado para identificar a los visitantes, pero se considera una cookie esencial.<\/td>\n<td style=\"width: 40.0688%;\">14 d\u00edas<\/td>\n<\/tr>\n<tr>\n<td style=\"text-align: center;\" colspan=\"5\">\n<h3 style=\"padding: 4px 0;\">Cookies no estrictamente necesarias<\/h3>\n<\/td>\n<\/tr>\n<tr>\n<td style=\"width: 15.9585%;\"><em>AppFromLab<\/em><\/td>\n<td style=\"width: 1.21359%;\">afl_wc_utm_sess_referer<\/td>\n<td style=\"width: 17.5261%;\">Sesi\u00f3n<\/td>\n<td style=\"width: 47.568%;\">Esta cookie, configurada por el complemento del rastreador AFL UTM Tracker, almacena la primera referencia del sitio web del usuario.<\/td>\n<td style=\"width: 40.0688%;\">Sesi\u00f3n<\/td>\n<\/tr>\n<tr>\n<td style=\"width: 15.9585%;\"><em>AppFromLab<\/em><\/td>\n<td style=\"width: 1.21359%;\">afl_wc_utm_cookie_expiry<\/td>\n<td style=\"width: 17.5261%;\">Persistente<\/td>\n<td style=\"width: 47.568%;\">Esta cookie, configurada por el complemento del Rastreador UTM de AFL, almacena la cantidad de d\u00edas que las cookies configuradas por el complemento del Rastreador UTM de AFL deber\u00edan vencer despu\u00e9s de la \u00faltima visita del usuario.<\/td>\n<td style=\"width: 40.0688%;\">90 d\u00edas<\/td>\n<\/tr>\n<tr>\n<td style=\"width: 15.9585%;\"><em>AppFromLab<\/em><\/td>\n<td style=\"width: 1.21359%;\">afl_wc_utm_sess_visit<\/td>\n<td style=\"width: 17.5261%;\">Sesi\u00f3n<\/td>\n<td style=\"width: 47.568%;\">Esta cookie, configurada mediante el complemento del Rastreador UTM AFL, almacena el sello de hora de la primera p\u00e1gina de inicio del usuario.<\/td>\n<td style=\"width: 40.0688%;\">Sesi\u00f3n<\/td>\n<\/tr>\n<tr>\n<td style=\"width: 15.9585%;\"><em>AppFromLab<\/em><\/td>\n<td style=\"width: 1.21359%;\">afl_wc_utm_sess_landing<\/td>\n<td style=\"width: 17.5261%;\">Sesi\u00f3n<\/td>\n<td style=\"width: 47.568%;\">Esta cookie, configurada por el complemento del Rastreador UTM AFL, almacena la primera URL de la p\u00e1gina de inicio del usuario.<\/td>\n<td style=\"width: 40.0688%;\">Sesi\u00f3n<\/td>\n<\/tr>\n<tr>\n<td style=\"width: 15.9585%;\"><em>AppFromLab<\/em><\/td>\n<td style=\"width: 1.21359%;\">afl_wc_utm_main<\/td>\n<td style=\"width: 17.5261%;\">Sesi\u00f3n<\/td>\n<td style=\"width: 47.568%;\">Esta cookie, configurada por el plugin del Rastreador AFL UTM, almacena la marca de tiempo de la \u00faltima comunicaci\u00f3n actualizada del lado del servidor.<\/td>\n<td style=\"width: 40.0688%;\">Sesi\u00f3n<\/td>\n<\/tr>\n<tr>\n<td style=\"width: 15.9585%;\"><em>Matomo<\/em><\/td>\n<td style=\"width: 1.21359%;\">_pk_id*<\/td>\n<td style=\"width: 17.5261%;\">Persistente<\/td>\n<td style=\"width: 47.568%;\">Se utiliza para almacenar algunos detalles sobre el usuario, como la identificaci\u00f3n de visitante de la unidad.<\/td>\n<td style=\"width: 40.0688%;\">13 meses<\/td>\n<\/tr>\n<tr>\n<td style=\"width: 15.9585%;\"><em>Matomo<\/em><\/td>\n<td style=\"width: 1.21359%;\">_pk_ref*<\/td>\n<td style=\"width: 17.5261%;\">Persistente<\/td>\n<td style=\"width: 47.568%;\">Se usa para almacenar la informaci\u00f3n de atribuci\u00f3n<\/td>\n<td style=\"width: 40.0688%;\">6 meses<\/td>\n<\/tr>\n<tr>\n<td style=\"width: 15.9585%;\"><em>Matomo<\/em><\/td>\n<td style=\"width: 1.21359%;\">_pk_ses*<\/td>\n<td style=\"width: 17.5261%;\">Sesi\u00f3n<\/td>\n<td style=\"width: 47.568%;\">Se utiliza para almacenar ID de sesi\u00f3n \u00fanica<\/td>\n<td style=\"width: 40.0688%;\">30 minutos<\/td>\n<\/tr>\n<tr>\n<td style=\"width: 15.9585%;\"><em>Matomo<\/em><\/td>\n<td style=\"width: 1.21359%;\">_pk_cvar<\/td>\n<td style=\"width: 17.5261%;\">Sesi\u00f3n<\/td>\n<td style=\"width: 47.568%;\">Mantiene variables personalizadas que se establecieron durante la vista de la p\u00e1gina anterior.<\/td>\n<td style=\"width: 40.0688%;\">30 minutos<\/td>\n<\/tr>\n<tr>\n<td style=\"width: 15.9585%;\"><em>Matomo<\/em><\/td>\n<td style=\"width: 1.21359%;\">_pk_hsr<\/td>\n<td style=\"width: 17.5261%;\">Sesi\u00f3n<\/td>\n<td style=\"width: 47.568%;\">Cookie de corta duraci\u00f3n para mapa de calor del sitio web <\/td>\n<td style=\"width: 40.0688%;\">30 minutos<\/td>\n<\/tr>\n<tr>\n<td style=\"width: 15.9585%;\"><em>Matomo<\/em><\/td>\n<td style=\"width: 1.21359%;\">_pk_testcookie<\/td>\n<td style=\"width: 17.5261%;\">Sesi\u00f3n<\/td>\n<td style=\"width: 47.568%;\">Se utiliza para verificar si el navegador del visitante admite cookies<\/td>\n<td style=\"width: 40.0688%;\">&lt;5 minutos<\/td>\n<\/tr>\n<tr>\n<td style=\"width: 15.9585%;\"><em>Matomo<\/em><\/td>\n<td style=\"width: 1.21359%;\">mtm_consent or mtm_consent_removed<\/td>\n<td style=\"width: 17.5261%;\">Persistente<\/td>\n<td style=\"width: 47.568%;\">Creado para recordar que el usuario otorg\u00f3 (o elimin\u00f3) el consentimiento<\/td>\n<td style=\"width: 40.0688%;\">2 a\u00f1os<\/td>\n<\/tr>\n<tr>\n<td style=\"width: 15.9585%;\"><em> Matomo<\/em><\/td>\n<td style=\"width: 1.21359%;\">mtm_cookie_consent<\/td>\n<td style=\"width: 17.5261%;\">Persistente<\/td>\n<td style=\"width: 47.568%;\">Se utiliza para recordar que el usuario dio su consentimiento para almacenar y utilizar cookies<\/td>\n<td style=\"width: 40.0688%;\">2 a\u00f1os<\/td>\n<\/tr>\n<tr>\n<td style=\"width: 15.9585%;\"><em> Matomo<\/em><\/td>\n<td style=\"width: 1.21359%;\">Matomo_ignore<\/td>\n<td style=\"width: 17.5261%;\">Persistente<\/td>\n<td style=\"width: 47.568%;\">Se crean cuando el usuario opta por no realizar el seguimiento.<\/td>\n<td style=\"width: 40.0688%;\">30 a\u00f1os<\/td>\n<\/tr>\n<\/tbody>\n<\/table>\n<p>[\/et_pb_text][et_pb_text _builder_version=&#8221;4.21.0&#8243; _module_preset=&#8221;default&#8221; global_colors_info=&#8221;{}&#8221;]<\/p>\n<h2>Comun\u00edquese con nosotros<\/h2>\n<p>Para obtener m\u00e1s informaci\u00f3n sobre nuestro uso de cookies en nuestro sitio web, comun\u00edquese con nosotros a<\/p>\n<p>Elligo Health Research, Inc.<br \/>\n108 Myrtle St. Suite 201<br \/>\nQuincy, MA 02171 <\/p>\n<p>Director de Protecci\u00f3n de Datos (Data Protection Officer, DPO)<br \/>\n<a href=\"mailto:privacy@elligodirect.com\">privacy@elligodirect.com<\/a><\/p>\n<p>Para obtener m\u00e1s informaci\u00f3n sobre c\u00f3mo procesamos los datos personales a trav\u00e9s del uso de cookies, visite nuestra <a href=\"https:\/\/prospect1migrainestudy.com\/es-mx\/politica-de-privacidad\/\"><strong>Pol\u00edtica de privacidad<\/strong><\/a>.[\/et_pb_text][\/et_pb_column][\/et_pb_row][\/et_pb_section]<\/p>\n","protected":false},"excerpt":{"rendered":"<p>Pol\u00edtica de cookies\u00daltima actualizaci\u00f3n: 25\/10\/2022 Elligo Health Research, Inc. (\u201cElligo\u201d o \u201cnosotros\u201d) est\u00e1 ayudando a la Organizaci\u00f3n de Investigaci\u00f3n Cl\u00ednica (Clinical Research Organization, CRO) PPD a brindar ciertos servicios, que podr\u00edan incluir publicidad del estudio, reclutamiento para el estudio, apoyo al centro del estudio y alojamiento del sitio web del estudio PROSPECT-1 (los \u201cServicios\u201d) en [&hellip;]<\/p>\n","protected":false},"author":4,"featured_media":0,"parent":0,"menu_order":0,"comment_status":"closed","ping_status":"closed","template":"","meta":{"_et_pb_use_builder":"on","_et_pb_old_content":"","_et_gb_content_width":"","footnotes":""},"class_list":["post-2193","page","type-page","status-publish","hentry"],"_links":{"self":[{"href":"https:\/\/prospect1migrainestudy.com\/es-mx\/wp-json\/wp\/v2\/pages\/2193","targetHints":{"allow":["GET"]}}],"collection":[{"href":"https:\/\/prospect1migrainestudy.com\/es-mx\/wp-json\/wp\/v2\/pages"}],"about":[{"href":"https:\/\/prospect1migrainestudy.com\/es-mx\/wp-json\/wp\/v2\/types\/page"}],"author":[{"embeddable":true,"href":"https:\/\/prospect1migrainestudy.com\/es-mx\/wp-json\/wp\/v2\/users\/4"}],"replies":[{"embeddable":true,"href":"https:\/\/prospect1migrainestudy.com\/es-mx\/wp-json\/wp\/v2\/comments?post=2193"}],"version-history":[{"count":0,"href":"https:\/\/prospect1migrainestudy.com\/es-mx\/wp-json\/wp\/v2\/pages\/2193\/revisions"}],"wp:attachment":[{"href":"https:\/\/prospect1migrainestudy.com\/es-mx\/wp-json\/wp\/v2\/media?parent=2193"}],"curies":[{"name":"wp","href":"https:\/\/api.w.org\/{rel}","templated":true}]}}